{"id":286,"date":"2016-10-31T13:17:59","date_gmt":"2016-10-31T16:17:59","guid":{"rendered":"https:\/\/isfd7-mis.infd.edu.ar\/sitio\/?page_id=286"},"modified":"2025-11-18T18:34:06","modified_gmt":"2025-11-18T21:34:06","slug":"inicio","status":"publish","type":"page","link":"https:\/\/isfd7-mis.infd.edu.ar\/sitio\/","title":{"rendered":"Inicio"},"content":{"rendered":"<div id=\"metaslider-id-403\" style=\"width: 100%;\" class=\"ml-slider-3-33-0 metaslider metaslider-flex metaslider-403 ml-slider ms-theme-default\" role=\"region\" aria-roledescription=\"Slideshow\" aria-label=\"Slideshow\">\n    <div id=\"metaslider_container_403\">\n        <div id=\"metaslider_403\" class=\"flexslider\">\n            <ul aria-live=\"polite\" class=\"slides\">\n                <li style=\"display: block; width: 100%;\" class=\"slide-607 ms-image\" aria-roledescription=\"slide\" aria-label=\"slide-607\"><a href=\"https:\/\/mapa.infd.edu.ar\/\" target=\"_blank\"><img src=\"https:\/\/isfd7-mis.infd.edu.ar\/sitio\/wp-content\/uploads\/2018\/06\/mapa_infd6-1100x200.png\" height=\"200\" width=\"1100\" alt=\"\" class=\"slider-403 slide-607\" title=\"mapa_infd6\" \/><\/a><\/li>\n                <li style=\"display: none; width: 100%;\" class=\"slide-609 ms-image\" aria-roledescription=\"slide\" aria-label=\"slide-609\"><a href=\"https:\/\/www.argentina.gob.ar\/educacion\/becas\" target=\"_blank\"><img src=\"https:\/\/isfd7-mis.infd.edu.ar\/sitio\/wp-content\/uploads\/2018\/06\/becas7-1100x200.png\" height=\"200\" width=\"1100\" alt=\"\" class=\"slider-403 slide-609\" title=\"becas7\" \/><\/a><\/li>\n                <li style=\"display: none; width: 100%;\" class=\"slide-635 ms-image\" aria-roledescription=\"slide\" aria-label=\"slide-635\"><a href=\"https:\/\/www.argentina.gob.ar\/tema\/estudiar\/formacion-docencia\" target=\"_blank\"><img src=\"https:\/\/isfd7-mis.infd.edu.ar\/sitio\/wp-content\/uploads\/2018\/06\/convocatorias_slide6-1-1100x200.png\" height=\"200\" width=\"1100\" alt=\"\" class=\"slider-403 slide-635\" title=\"convocatorias_slide6-1\" \/><\/a><\/li>\n            <\/ul>\n        <\/div>\n        \n    <\/div>\n<\/div>\n<div  class=\"lgc-column lgc-grid-parent lgc-grid-33 lgc-tablet-grid-50 lgc-mobile-grid-100 lgc-equal-heights \"><div  class=\"inside-grid-column\"> <img decoding=\"async\" loading=\"lazy\" class=\"alignnone wp-image-849\" src=\"https:\/\/isfd7-mis.infd.edu.ar\/sitio\/wp-content\/uploads\/2025\/11\/IMG-20251118-WA0010-1000x750.jpg\" alt=\"\" width=\"300\" height=\"225\" srcset=\"https:\/\/isfd7-mis.infd.edu.ar\/sitio\/wp-content\/uploads\/2025\/11\/IMG-20251118-WA0010-1000x750.jpg 1000w, https:\/\/isfd7-mis.infd.edu.ar\/sitio\/wp-content\/uploads\/2025\/11\/IMG-20251118-WA0010-768x576.jpg 768w, https:\/\/isfd7-mis.infd.edu.ar\/sitio\/wp-content\/uploads\/2025\/11\/IMG-20251118-WA0010.jpg 1156w\" sizes=\"(max-width: 300px) 100vw, 300px\" \/>\n<p>Contin\u00faa con \u00e9xito el cursillo de ingreso para el Profesorado en Educaci\u00f3n Primaria en el ISFD Cacique Nicol\u00e1s \u00d1eenguir\u00fa. En una nueva jornada, la profesora Yamila Adaro desarroll\u00f3 el significativo tema \u00abSer estudiantes en el nivel superior\u00bb. <a href=\"https:\/\/isfd7-mis.infd.edu.ar\/sitio\/cursillo-de-ingreso-2026\/\"><span style=\"color: #0000ff;\">[+ INFO<\/span><span style=\"color: #0000ff;\">]<\/span><\/a><\/p>\n<p><\/p><\/div><\/div> <div  class=\"lgc-column lgc-grid-parent lgc-grid-33 lgc-tablet-grid-50 lgc-mobile-grid-100 lgc-equal-heights \"><div  class=\"inside-grid-column\"> <img decoding=\"async\" loading=\"lazy\" class=\"alignnone wp-image-836\" src=\"https:\/\/isfd7-mis.infd.edu.ar\/sitio\/wp-content\/uploads\/2025\/11\/IMG-20251117-WA0014-1000x594.jpg\" alt=\"\" width=\"300\" height=\"178\" srcset=\"https:\/\/isfd7-mis.infd.edu.ar\/sitio\/wp-content\/uploads\/2025\/11\/IMG-20251117-WA0014-1000x594.jpg 1000w, https:\/\/isfd7-mis.infd.edu.ar\/sitio\/wp-content\/uploads\/2025\/11\/IMG-20251117-WA0014-768x456.jpg 768w, https:\/\/isfd7-mis.infd.edu.ar\/sitio\/wp-content\/uploads\/2025\/11\/IMG-20251117-WA0014.jpg 1280w\" sizes=\"(max-width: 300px) 100vw, 300px\" \/>\n<p>Con gran expectativa y un marco de nuevos aspirantes, dio comienzo el cursillo de ingreso para la cohorte 2026 del ISFD \u00abCacique Nicol\u00e1s \u00d1eenguir\u00fa\u00bb. <a href=\"https:\/\/isfd7-mis.infd.edu.ar\/sitio\/inicio-del-cursillo-de-ingreso-2026\/\"><span style=\"color: #0000ff;\">[+ INFO<\/span><span style=\"color: #0000ff;\">]<\/span><\/a><\/p>\n<p><\/p><\/div><\/div> <div  class=\"lgc-column lgc-grid-parent lgc-grid-33 lgc-tablet-grid-50 lgc-mobile-grid-100 lgc-equal-heights \"><div  class=\"inside-grid-column\"> <img decoding=\"async\" loading=\"lazy\" class=\"alignnone wp-image-789\" src=\"https:\/\/isfd7-mis.infd.edu.ar\/sitio\/wp-content\/uploads\/2025\/11\/IMG-20251114-WA0054-1000x752.jpg\" alt=\"\" width=\"300\" height=\"226\" srcset=\"https:\/\/isfd7-mis.infd.edu.ar\/sitio\/wp-content\/uploads\/2025\/11\/IMG-20251114-WA0054-1000x752.jpg 1000w, https:\/\/isfd7-mis.infd.edu.ar\/sitio\/wp-content\/uploads\/2025\/11\/IMG-20251114-WA0054-768x578.jpg 768w, https:\/\/isfd7-mis.infd.edu.ar\/sitio\/wp-content\/uploads\/2025\/11\/IMG-20251114-WA0054.jpg 1280w\" sizes=\"(max-width: 300px) 100vw, 300px\" \/>\n<p>El d\u00eda 14 de noviembre de 2025 se realiz\u00f3 el cierre de clases pr\u00e1cticas correspondiente al 3er a\u00f1o del ISFD Cacique Nicol\u00e1s \u00d1eenguir\u00fa, en donde las estudiantes pudieron realizar un recorrido a trav\u00e9s de su trayectoria educativa desde la mirada de las pr\u00e1cticas. <a href=\"https:\/\/isfd7-mis.infd.edu.ar\/sitio\/cierre-de-practicas-de-3er-ano\/\"><span style=\"color: #0000ff;\">[+ INFO<\/span><span style=\"color: #0000ff;\">]<\/span><\/a> <\/p><\/div><\/div>\n","protected":false},"excerpt":{"rendered":"","protected":false},"author":16,"featured_media":0,"parent":0,"menu_order":0,"comment_status":"closed","ping_status":"closed","template":"","meta":[],"acf":[],"_links":{"self":[{"href":"https:\/\/isfd7-mis.infd.edu.ar\/sitio\/wp-json\/wp\/v2\/pages\/286"}],"collection":[{"href":"https:\/\/isfd7-mis.infd.edu.ar\/sitio\/wp-json\/wp\/v2\/pages"}],"about":[{"href":"https:\/\/isfd7-mis.infd.edu.ar\/sitio\/wp-json\/wp\/v2\/types\/page"}],"author":[{"embeddable":true,"href":"https:\/\/isfd7-mis.infd.edu.ar\/sitio\/wp-json\/wp\/v2\/users\/16"}],"replies":[{"embeddable":true,"href":"https:\/\/isfd7-mis.infd.edu.ar\/sitio\/wp-json\/wp\/v2\/comments?post=286"}],"version-history":[{"count":101,"href":"https:\/\/isfd7-mis.infd.edu.ar\/sitio\/wp-json\/wp\/v2\/pages\/286\/revisions"}],"predecessor-version":[{"id":857,"href":"https:\/\/isfd7-mis.infd.edu.ar\/sitio\/wp-json\/wp\/v2\/pages\/286\/revisions\/857"}],"wp:attachment":[{"href":"https:\/\/isfd7-mis.infd.edu.ar\/sitio\/wp-json\/wp\/v2\/media?parent=286"}],"curies":[{"name":"wp","href":"https:\/\/api.w.org\/{rel}","templated":true}]}}