{"id":730,"date":"2018-07-26T10:40:07","date_gmt":"2018-07-26T13:40:07","guid":{"rendered":"https:\/\/isfd7-mis.infd.edu.ar\/sitio\/?page_id=730"},"modified":"2025-11-14T21:13:45","modified_gmt":"2025-11-15T00:13:45","slug":"ingresantes","status":"publish","type":"page","link":"https:\/\/isfd7-mis.infd.edu.ar\/sitio\/estudiantes\/ingresantes\/","title":{"rendered":"Ingresantes"},"content":{"rendered":"<h4>Requisitos de inscripci\u00f3n<\/h4>\n<p>Para inscribirse necesit\u00e1s:<\/p>\n<ul>\n<li>Fotocopia autenticada del T\u00edtulo Secundario o constancia del T\u00edtulo en Tr\u00e1mite<\/li>\n<li>Fotocopia de la Partida de Nacimiento autenticada.<\/li>\n<li>Matr\u00edcula de Inscripci\u00f3n.<\/li>\n<li>Ficha M\u00e9dica.<\/li>\n<li>1 Etiqueta 10&#215;10.<\/li>\n<li>3 Fotos 4&#215;4.<\/li>\n<li>1 Folio Oficio.<\/li>\n<\/ul>\n<p>Para consultas pod\u00e9s acercarte al ISFD Cacique Nicol\u00e1s \u00d1eenguir\u00fa ubicado en Calle Diego de Alvear s\/n (e\/Rivadavia y S\u00e1ez Pe\u00f1a) o al tel\u00e9fono (3764) 19-2719 (s\u00f3lo wsp) en el horario de 15:00 a 20:00 hs.<\/p>\n","protected":false},"excerpt":{"rendered":"<p>Requisitos de inscripci\u00f3n Para inscribirse necesit\u00e1s: Fotocopia autenticada del T\u00edtulo Secundario o constancia del T\u00edtulo en Tr\u00e1mite Fotocopia de la Partida de Nacimiento autenticada. Matr\u00edcula de Inscripci\u00f3n. Ficha M\u00e9dica. 1 Etiqueta 10&#215;10. 3 Fotos 4&#215;4. 1 Folio Oficio. Para consultas pod\u00e9s acercarte al ISFD Cacique Nicol\u00e1s \u00d1eenguir\u00fa ubicado en Calle Diego de Alvear s\/n (e\/Rivadavia &#8230; <a title=\"Ingresantes\" class=\"read-more\" href=\"https:\/\/isfd7-mis.infd.edu.ar\/sitio\/estudiantes\/ingresantes\/\" aria-label=\"More on Ingresantes\">[+]<\/a><\/p>\n","protected":false},"author":6,"featured_media":0,"parent":692,"menu_order":0,"comment_status":"closed","ping_status":"closed","template":"","meta":[],"acf":[],"_links":{"self":[{"href":"https:\/\/isfd7-mis.infd.edu.ar\/sitio\/wp-json\/wp\/v2\/pages\/730"}],"collection":[{"href":"https:\/\/isfd7-mis.infd.edu.ar\/sitio\/wp-json\/wp\/v2\/pages"}],"about":[{"href":"https:\/\/isfd7-mis.infd.edu.ar\/sitio\/wp-json\/wp\/v2\/types\/page"}],"author":[{"embeddable":true,"href":"https:\/\/isfd7-mis.infd.edu.ar\/sitio\/wp-json\/wp\/v2\/users\/6"}],"replies":[{"embeddable":true,"href":"https:\/\/isfd7-mis.infd.edu.ar\/sitio\/wp-json\/wp\/v2\/comments?post=730"}],"version-history":[{"count":3,"href":"https:\/\/isfd7-mis.infd.edu.ar\/sitio\/wp-json\/wp\/v2\/pages\/730\/revisions"}],"predecessor-version":[{"id":819,"href":"https:\/\/isfd7-mis.infd.edu.ar\/sitio\/wp-json\/wp\/v2\/pages\/730\/revisions\/819"}],"up":[{"embeddable":true,"href":"https:\/\/isfd7-mis.infd.edu.ar\/sitio\/wp-json\/wp\/v2\/pages\/692"}],"wp:attachment":[{"href":"https:\/\/isfd7-mis.infd.edu.ar\/sitio\/wp-json\/wp\/v2\/media?parent=730"}],"curies":[{"name":"wp","href":"https:\/\/api.w.org\/{rel}","templated":true}]}}